{"id":12,"date":"2025-11-05T08:47:15","date_gmt":"2025-11-05T08:47:15","guid":{"rendered":"https:\/\/articulosdelhogarsestao.rkinformatika.online\/?page_id=12"},"modified":"2025-11-11T15:04:07","modified_gmt":"2025-11-11T15:04:07","slug":"inicio","status":"publish","type":"page","link":"https:\/\/articulosdelhogarsestao.com\/eu\/","title":{"rendered":"Hasiera"},"content":{"rendered":"<div data-elementor-type=\"wp-page\" data-elementor-id=\"12\" class=\"elementor elementor-12\" data-elementor-post-type=\"page\">\n\t\t\t\t<div class=\"elementor-element elementor-element-12cf54b e-flex e-con-boxed e-con e-parent\" data-id=\"12cf54b\" data-element_type=\"container\" data-e-type=\"container\" data-settings=\"{&quot;background_background&quot;:&quot;classic&quot;}\">\n\t\t\t\t\t<div class=\"e-con-inner\">\n\t\t<div class=\"elementor-element elementor-element-0e03400 e-con-full e-flex e-con e-child\" data-id=\"0e03400\" data-element_type=\"container\" data-e-type=\"container\">\n\t\t\t\t<div class=\"elementor-element elementor-element-f3281cf elementor-fixed elementor-invisible elementor-widget elementor-widget-heading\" data-id=\"f3281cf\" data-element_type=\"widget\" data-e-type=\"widget\" data-settings=\"{&quot;_animation&quot;:&quot;fadeInRight&quot;,&quot;_position&quot;:&quot;fixed&quot;}\" data-widget_type=\"heading.default\">\n\t\t\t\t\t<h2 class=\"elementor-heading-title elementor-size-default\">Variedad,<\/h2>\t\t\t\t<\/div>\n\t\t\t\t<\/div>\n\t\t\t\t<div class=\"elementor-element elementor-element-4916225 elementor-invisible elementor-widget elementor-widget-heading\" data-id=\"4916225\" data-element_type=\"widget\" data-e-type=\"widget\" data-settings=\"{&quot;_animation&quot;:&quot;fadeInDown&quot;}\" data-widget_type=\"heading.default\">\n\t\t\t\t\t<h2 class=\"elementor-heading-title elementor-size-default\">Aniztasuna, kalitatea eta arreta<\/h2>\t\t\t\t<\/div>\n\t\t\t\t\t<\/div>\n\t\t\t\t<\/div>\n\t\t<div class=\"elementor-element elementor-element-a4ec9e7 e-flex e-con-boxed e-con e-parent\" data-id=\"a4ec9e7\" data-element_type=\"container\" data-e-type=\"container\" data-settings=\"{&quot;background_background&quot;:&quot;classic&quot;}\">\n\t\t\t\t\t<div class=\"e-con-inner\">\n\t\t<div class=\"elementor-element elementor-element-e280555 e-con-full e-flex e-con e-child\" data-id=\"e280555\" data-element_type=\"container\" data-e-type=\"container\">\n\t\t\t\t<div class=\"elementor-element elementor-element-e75f074 elementor-widget elementor-widget-image\" data-id=\"e75f074\" data-element_type=\"widget\" data-e-type=\"widget\" data-widget_type=\"image.default\">\n\t\t\t\t\t\t\t\t\t\t\t\t\t\t\t<img fetchpriority=\"high\" decoding=\"async\" width=\"683\" height=\"1024\" src=\"https:\/\/articulosdelhogarsestao.com\/wp-content\/uploads\/2025\/11\/2147762231-683x1024.jpg\" class=\"attachment-large size-large wp-image-173\" alt=\"\" srcset=\"https:\/\/articulosdelhogarsestao.com\/wp-content\/uploads\/2025\/11\/2147762231-683x1024.jpg 683w, https:\/\/articulosdelhogarsestao.com\/wp-content\/uploads\/2025\/11\/2147762231-200x300.jpg 200w, https:\/\/articulosdelhogarsestao.com\/wp-content\/uploads\/2025\/11\/2147762231-768x1152.jpg 768w, https:\/\/articulosdelhogarsestao.com\/wp-content\/uploads\/2025\/11\/2147762231-8x12.jpg 8w, https:\/\/articulosdelhogarsestao.com\/wp-content\/uploads\/2025\/11\/2147762231.jpg 1000w\" sizes=\"(max-width: 683px) 100vw, 683px\" \/>\t\t\t\t\t\t\t\t\t\t\t\t\t\t\t<\/div>\n\t\t\t\t<\/div>\n\t\t<div class=\"elementor-element elementor-element-8a59d91 e-con-full e-flex e-con e-child\" data-id=\"8a59d91\" data-element_type=\"container\" data-e-type=\"container\">\n\t\t\t\t<div class=\"elementor-element elementor-element-4a3a8a4 elementor-widget elementor-widget-heading\" data-id=\"4a3a8a4\" data-element_type=\"widget\" data-e-type=\"widget\" data-widget_type=\"heading.default\">\n\t\t\t\t\t<h2 class=\"elementor-heading-title elementor-size-default\">Guri Buruz<\/h2>\t\t\t\t<\/div>\n\t\t\t\t<div class=\"elementor-element elementor-element-2776d5c elementor-widget elementor-widget-text-editor\" data-id=\"2776d5c\" data-element_type=\"widget\" data-e-type=\"widget\" data-widget_type=\"text-editor.default\">\n\t\t\t\t\t\t\t\t\t<p>Sestao Etxeko Artikuluak Sestaon kokatutako familia-negozio bat da, 10 urte baino gehiagoko esperientzia duena eta gure bezeroei etxerako produktuen aukera zabala eskaintzen diena. Mota guztietako gaien txikizkako salmentan aritzen gara, eta ia denetarik aurki daitekeen bazar oso gisa funtzionatzen dugu, elikadura-produktuak izan ezik.<\/p><p>Gure helburu nagusia da bisita bakoitzean barietatea, kalitatea eta eskuragarritasuna eskaintzea. Eguneroko beharretara egokitzen den aukera zabala dugu, eta, gainera, enkargu pertsonalizatuak egiteko aukera eskaintzen dugu, bezero bakoitzak bilatzen duena justu aurkituko duela ziurtatuz.<\/p><p>Sestaoko Etxeko Artikuluetan, gertuko arreta eta familiaren konpromisoa dira gure lanaren oinarria. Gu bisitatzera eta zuretzat dugun guztia ezagutzera gonbidatzen zaitugu!<\/p>\t\t\t\t\t\t\t\t<\/div>\n\t\t\t\t<\/div>\n\t\t\t\t\t<\/div>\n\t\t\t\t<\/div>\n\t\t<div class=\"elementor-element elementor-element-07e90ef e-con-full e-flex e-con e-parent\" data-id=\"07e90ef\" data-element_type=\"container\" data-e-type=\"container\" data-settings=\"{&quot;background_background&quot;:&quot;classic&quot;}\">\n\t\t\t\t<div class=\"elementor-element elementor-element-16af355 elementor-cta--skin-cover elementor-animated-content elementor-bg-transform elementor-bg-transform-zoom-in elementor-widget elementor-widget-call-to-action\" data-id=\"16af355\" data-element_type=\"widget\" data-e-type=\"widget\" data-widget_type=\"call-to-action.default\">\n\t\t\t\t\t\t\t<div class=\"elementor-cta\">\n\t\t\t\t\t<div class=\"elementor-cta__bg-wrapper\">\n\t\t\t\t<div class=\"elementor-cta__bg elementor-bg\" style=\"background-image: url(https:\/\/articulosdelhogarsestao.com\/wp-content\/uploads\/2025\/11\/2866845-1024x576.jpg);\" role=\"img\" aria-label=\"2866845\"><\/div>\n\t\t\t\t<div class=\"elementor-cta__bg-overlay\"><\/div>\n\t\t\t<\/div>\n\t\t\t\t\t\t\t<div class=\"elementor-cta__content\">\n\t\t\t\t\n\t\t\t\t\t\t\t\t\t<h2 class=\"elementor-cta__title elementor-cta__content-item elementor-content-item elementor-animated-item--grow\">\n\t\t\t\t\t\t10 urte baino gehiago zurekin, barietatea eta prezio onak eskainiz.\t\t\t\t\t<\/h2>\n\t\t\t\t\n\t\t\t\t\n\t\t\t\t\t\t\t\t\t<div class=\"elementor-cta__button-wrapper elementor-cta__content-item elementor-content-item elementor-animated-item--grow\">\n\t\t\t\t\t<a class=\"elementor-cta__button elementor-button elementor-size-\" href=\"https:\/\/articulosdelhogarsestao.com\/eu\/productos\/\">\n\t\t\t\t\t\tProduktuak\t\t\t\t\t<\/a>\n\t\t\t\t\t<\/div>\n\t\t\t\t\t\t\t<\/div>\n\t\t\t\t\t\t<\/div>\n\t\t\t\t\t\t<\/div>\n\t\t\t\t<\/div>\n\t\t\t\t<\/div>","protected":false},"excerpt":{"rendered":"<p>Variedad, Variedad,calidad y atenci\u00f3n Sobre nosotros Art\u00edculos del Hogar Sestao es un negocio familiar ubicado en Sestao, con m\u00e1s de 10 a\u00f1os de experiencia ofreciendo a nuestros clientes una amplia variedad de productos para el hogar. Nos dedicamos a la venta al por menor de todo tipo de art\u00edculos, funcionando como un completo bazar donde [&hellip;]<\/p>\n","protected":false},"author":1,"featured_media":0,"parent":0,"menu_order":0,"comment_status":"closed","ping_status":"closed","template":"elementor_canvas","meta":{"footnotes":""},"class_list":["post-12","page","type-page","status-publish","hentry"],"yoast_head":"<!-- This site is optimized with the Yoast SEO plugin v27.3 - https:\/\/yoast.com\/product\/yoast-seo-wordpress\/ -->\n<title>Inicio - Articulos del Hogar Sestao<\/title>\n<meta name=\"robots\" content=\"index, follow, max-snippet:-1, max-image-preview:large, max-video-preview:-1\" \/>\n<link rel=\"canonical\" href=\"https:\/\/articulosdelhogarsestao.com\/eu\/\" \/>\n<meta property=\"og:locale\" content=\"en_US\" \/>\n<meta property=\"og:type\" content=\"article\" \/>\n<meta property=\"og:title\" content=\"Inicio - Articulos del Hogar Sestao\" \/>\n<meta property=\"og:description\" content=\"Variedad, Variedad,calidad y atenci\u00f3n Sobre nosotros Art\u00edculos del Hogar Sestao es un negocio familiar ubicado en Sestao, con m\u00e1s de 10 a\u00f1os de experiencia ofreciendo a nuestros clientes una amplia variedad de productos para el hogar. Nos dedicamos a la venta al por menor de todo tipo de art\u00edculos, funcionando como un completo bazar donde [&hellip;]\" \/>\n<meta property=\"og:url\" content=\"https:\/\/articulosdelhogarsestao.com\/eu\/\" \/>\n<meta property=\"og:site_name\" content=\"Articulos del Hogar Sestao\" \/>\n<meta property=\"article:modified_time\" content=\"2025-11-11T15:04:07+00:00\" \/>\n<meta property=\"og:image\" content=\"https:\/\/articulosdelhogarsestao.com\/wp-content\/uploads\/2025\/11\/2147762231.jpg\" \/>\n\t<meta property=\"og:image:width\" content=\"1000\" \/>\n\t<meta property=\"og:image:height\" content=\"1500\" \/>\n\t<meta property=\"og:image:type\" content=\"image\/jpeg\" \/>\n<meta name=\"twitter:card\" content=\"summary_large_image\" \/>\n<meta name=\"twitter:label1\" content=\"Est. reading time\" \/>\n\t<meta name=\"twitter:data1\" content=\"1 minutua\" \/>\n<script type=\"application\/ld+json\" class=\"yoast-schema-graph\">{\"@context\":\"https:\\\/\\\/schema.org\",\"@graph\":[{\"@type\":\"WebPage\",\"@id\":\"https:\\\/\\\/articulosdelhogarsestao.com\\\/\",\"url\":\"https:\\\/\\\/articulosdelhogarsestao.com\\\/\",\"name\":\"Inicio - Articulos del Hogar Sestao\",\"isPartOf\":{\"@id\":\"https:\\\/\\\/articulosdelhogarsestao.com\\\/#website\"},\"primaryImageOfPage\":{\"@id\":\"https:\\\/\\\/articulosdelhogarsestao.com\\\/#primaryimage\"},\"image\":{\"@id\":\"https:\\\/\\\/articulosdelhogarsestao.com\\\/#primaryimage\"},\"thumbnailUrl\":\"https:\\\/\\\/articulosdelhogarsestao.com\\\/wp-content\\\/uploads\\\/2025\\\/11\\\/2147762231-683x1024.jpg\",\"datePublished\":\"2025-11-05T08:47:15+00:00\",\"dateModified\":\"2025-11-11T15:04:07+00:00\",\"breadcrumb\":{\"@id\":\"https:\\\/\\\/articulosdelhogarsestao.com\\\/#breadcrumb\"},\"inLanguage\":\"eu\",\"potentialAction\":[{\"@type\":\"ReadAction\",\"target\":[\"https:\\\/\\\/articulosdelhogarsestao.com\\\/\"]}]},{\"@type\":\"ImageObject\",\"inLanguage\":\"eu\",\"@id\":\"https:\\\/\\\/articulosdelhogarsestao.com\\\/#primaryimage\",\"url\":\"https:\\\/\\\/articulosdelhogarsestao.com\\\/wp-content\\\/uploads\\\/2025\\\/11\\\/2147762231-683x1024.jpg\",\"contentUrl\":\"https:\\\/\\\/articulosdelhogarsestao.com\\\/wp-content\\\/uploads\\\/2025\\\/11\\\/2147762231-683x1024.jpg\"},{\"@type\":\"BreadcrumbList\",\"@id\":\"https:\\\/\\\/articulosdelhogarsestao.com\\\/#breadcrumb\",\"itemListElement\":[{\"@type\":\"ListItem\",\"position\":1,\"name\":\"Portada\",\"item\":\"https:\\\/\\\/articulosdelhogarsestao.com\\\/\"},{\"@type\":\"ListItem\",\"position\":2,\"name\":\"Inicio\"}]},{\"@type\":\"WebSite\",\"@id\":\"https:\\\/\\\/articulosdelhogarsestao.com\\\/#website\",\"url\":\"https:\\\/\\\/articulosdelhogarsestao.com\\\/\",\"name\":\"Articulos del Hogar Sestao\",\"description\":\"Bazar\",\"publisher\":{\"@id\":\"https:\\\/\\\/articulosdelhogarsestao.com\\\/#organization\"},\"potentialAction\":[{\"@type\":\"SearchAction\",\"target\":{\"@type\":\"EntryPoint\",\"urlTemplate\":\"https:\\\/\\\/articulosdelhogarsestao.com\\\/?s={search_term_string}\"},\"query-input\":{\"@type\":\"PropertyValueSpecification\",\"valueRequired\":true,\"valueName\":\"search_term_string\"}}],\"inLanguage\":\"eu\"},{\"@type\":\"Organization\",\"@id\":\"https:\\\/\\\/articulosdelhogarsestao.com\\\/#organization\",\"name\":\"Articulos del Hogar Sestao\",\"url\":\"https:\\\/\\\/articulosdelhogarsestao.com\\\/\",\"logo\":{\"@type\":\"ImageObject\",\"inLanguage\":\"eu\",\"@id\":\"https:\\\/\\\/articulosdelhogarsestao.com\\\/#\\\/schema\\\/logo\\\/image\\\/\",\"url\":\"https:\\\/\\\/articulosdelhogarsestao.com\\\/wp-content\\\/uploads\\\/2025\\\/11\\\/cropped-Diseno-sin-titulo-2.png\",\"contentUrl\":\"https:\\\/\\\/articulosdelhogarsestao.com\\\/wp-content\\\/uploads\\\/2025\\\/11\\\/cropped-Diseno-sin-titulo-2.png\",\"width\":500,\"height\":500,\"caption\":\"Articulos del Hogar Sestao\"},\"image\":{\"@id\":\"https:\\\/\\\/articulosdelhogarsestao.com\\\/#\\\/schema\\\/logo\\\/image\\\/\"}}]}<\/script>\n<!-- \/ Yoast SEO plugin. -->","yoast_head_json":{"title":"Inicio - Articulos del Hogar Sestao","robots":{"index":"index","follow":"follow","max-snippet":"max-snippet:-1","max-image-preview":"max-image-preview:large","max-video-preview":"max-video-preview:-1"},"canonical":"https:\/\/articulosdelhogarsestao.com\/eu\/","og_locale":"en_US","og_type":"article","og_title":"Inicio - Articulos del Hogar Sestao","og_description":"Variedad, Variedad,calidad y atenci\u00f3n Sobre nosotros Art\u00edculos del Hogar Sestao es un negocio familiar ubicado en Sestao, con m\u00e1s de 10 a\u00f1os de experiencia ofreciendo a nuestros clientes una amplia variedad de productos para el hogar. Nos dedicamos a la venta al por menor de todo tipo de art\u00edculos, funcionando como un completo bazar donde [&hellip;]","og_url":"https:\/\/articulosdelhogarsestao.com\/eu\/","og_site_name":"Articulos del Hogar Sestao","article_modified_time":"2025-11-11T15:04:07+00:00","og_image":[{"width":1000,"height":1500,"url":"https:\/\/articulosdelhogarsestao.com\/wp-content\/uploads\/2025\/11\/2147762231.jpg","type":"image\/jpeg"}],"twitter_card":"summary_large_image","twitter_misc":{"Est. reading time":"1 minutua"},"schema":{"@context":"https:\/\/schema.org","@graph":[{"@type":"WebPage","@id":"https:\/\/articulosdelhogarsestao.com\/","url":"https:\/\/articulosdelhogarsestao.com\/","name":"Inicio - Articulos del Hogar Sestao","isPartOf":{"@id":"https:\/\/articulosdelhogarsestao.com\/#website"},"primaryImageOfPage":{"@id":"https:\/\/articulosdelhogarsestao.com\/#primaryimage"},"image":{"@id":"https:\/\/articulosdelhogarsestao.com\/#primaryimage"},"thumbnailUrl":"https:\/\/articulosdelhogarsestao.com\/wp-content\/uploads\/2025\/11\/2147762231-683x1024.jpg","datePublished":"2025-11-05T08:47:15+00:00","dateModified":"2025-11-11T15:04:07+00:00","breadcrumb":{"@id":"https:\/\/articulosdelhogarsestao.com\/#breadcrumb"},"inLanguage":"eu","potentialAction":[{"@type":"ReadAction","target":["https:\/\/articulosdelhogarsestao.com\/"]}]},{"@type":"ImageObject","inLanguage":"eu","@id":"https:\/\/articulosdelhogarsestao.com\/#primaryimage","url":"https:\/\/articulosdelhogarsestao.com\/wp-content\/uploads\/2025\/11\/2147762231-683x1024.jpg","contentUrl":"https:\/\/articulosdelhogarsestao.com\/wp-content\/uploads\/2025\/11\/2147762231-683x1024.jpg"},{"@type":"BreadcrumbList","@id":"https:\/\/articulosdelhogarsestao.com\/#breadcrumb","itemListElement":[{"@type":"ListItem","position":1,"name":"Portada","item":"https:\/\/articulosdelhogarsestao.com\/"},{"@type":"ListItem","position":2,"name":"Inicio"}]},{"@type":"WebSite","@id":"https:\/\/articulosdelhogarsestao.com\/#website","url":"https:\/\/articulosdelhogarsestao.com\/","name":"Articulos del Hogar Sestao","description":"Bazar","publisher":{"@id":"https:\/\/articulosdelhogarsestao.com\/#organization"},"potentialAction":[{"@type":"SearchAction","target":{"@type":"EntryPoint","urlTemplate":"https:\/\/articulosdelhogarsestao.com\/?s={search_term_string}"},"query-input":{"@type":"PropertyValueSpecification","valueRequired":true,"valueName":"search_term_string"}}],"inLanguage":"eu"},{"@type":"Organization","@id":"https:\/\/articulosdelhogarsestao.com\/#organization","name":"Articulos del Hogar Sestao","url":"https:\/\/articulosdelhogarsestao.com\/","logo":{"@type":"ImageObject","inLanguage":"eu","@id":"https:\/\/articulosdelhogarsestao.com\/#\/schema\/logo\/image\/","url":"https:\/\/articulosdelhogarsestao.com\/wp-content\/uploads\/2025\/11\/cropped-Diseno-sin-titulo-2.png","contentUrl":"https:\/\/articulosdelhogarsestao.com\/wp-content\/uploads\/2025\/11\/cropped-Diseno-sin-titulo-2.png","width":500,"height":500,"caption":"Articulos del Hogar Sestao"},"image":{"@id":"https:\/\/articulosdelhogarsestao.com\/#\/schema\/logo\/image\/"}}]}},"_links":{"self":[{"href":"https:\/\/articulosdelhogarsestao.com\/eu\/wp-json\/wp\/v2\/pages\/12","targetHints":{"allow":["GET"]}}],"collection":[{"href":"https:\/\/articulosdelhogarsestao.com\/eu\/wp-json\/wp\/v2\/pages"}],"about":[{"href":"https:\/\/articulosdelhogarsestao.com\/eu\/wp-json\/wp\/v2\/types\/page"}],"author":[{"embeddable":true,"href":"https:\/\/articulosdelhogarsestao.com\/eu\/wp-json\/wp\/v2\/users\/1"}],"replies":[{"embeddable":true,"href":"https:\/\/articulosdelhogarsestao.com\/eu\/wp-json\/wp\/v2\/comments?post=12"}],"version-history":[{"count":82,"href":"https:\/\/articulosdelhogarsestao.com\/eu\/wp-json\/wp\/v2\/pages\/12\/revisions"}],"predecessor-version":[{"id":278,"href":"https:\/\/articulosdelhogarsestao.com\/eu\/wp-json\/wp\/v2\/pages\/12\/revisions\/278"}],"wp:attachment":[{"href":"https:\/\/articulosdelhogarsestao.com\/eu\/wp-json\/wp\/v2\/media?parent=12"}],"curies":[{"name":"wp","href":"https:\/\/api.w.org\/{rel}","templated":true}]}}